{"id":125,"date":"2026-03-14T01:20:41","date_gmt":"2026-03-14T01:20:41","guid":{"rendered":"https:\/\/serviciosacam.com\/wordpress\/?page_id=125"},"modified":"2026-03-17T17:53:40","modified_gmt":"2026-03-17T17:53:40","slug":"estudios-ambientales-y-de-gestion","status":"publish","type":"page","link":"https:\/\/serviciosacam.com\/?page_id=125","title":{"rendered":"Evaluaci\u00f3n de Impacto Ambiental y Gesti\u00f3n Ambiental"},"content":{"rendered":"\n<div style=\"height:100px\" aria-hidden=\"true\" class=\"wp-block-spacer\"><\/div>\n\n\n\n<p class=\"has-medium-font-size\">Ofrecemos servicios especializados en evaluaci\u00f3n de impacto ambiental y gesti\u00f3n ambiental, orientados a garantizar el cumplimiento de la normativa vigente y la adecuada planificaci\u00f3n de proyectos. Elaboramos Manifiestos de Impacto Ambiental (MIA) en modalidad particular o regional, Estudios T\u00e9cnicos Justificativos para cambio de uso de suelo, informes preventivos, estudios de riesgo y afectaci\u00f3n ambiental, as\u00ed como licencias ambientales y dict\u00e1menes t\u00e9cnicos para derribo de \u00e1rboles, brindando acompa\u00f1amiento t\u00e9cnico durante los procesos de evaluaci\u00f3n y autorizaci\u00f3n ante las autoridades ambientales.<\/p>\n\n\n\n<p class=\"has-medium-font-size\"><strong>Cat\u00e1logo<\/strong><\/p>\n\n\n\n<ul class=\"wp-block-list\">\n<li class=\"has-medium-font-size\">Manifiesto de Impacto Ambiental (MIA) modalidad particular o regional.<\/li>\n\n\n\n<li class=\"has-medium-font-size\">Licencia Ambiental Integral.<\/li>\n\n\n\n<li class=\"has-medium-font-size\">Estudios T\u00e9cnicos Justificativos (ETJ) para cambio de uso de suelo.<\/li>\n\n\n\n<li class=\"has-medium-font-size\">Estudios de riesgo ambiental.<\/li>\n\n\n\n<li class=\"has-medium-font-size\">Informe preventivo.<\/li>\n\n\n\n<li class=\"has-medium-font-size\">Estudios de afectaci\u00f3n ambiental.<\/li>\n\n\n\n<li class=\"has-medium-font-size\">Dictamen t\u00e9cnico para derribo de \u00e1rboles.<\/li>\n<\/ul>\n\n\n\n<div style=\"height:100px\" aria-hidden=\"true\" class=\"wp-block-spacer\"><\/div>\n","protected":false},"excerpt":{"rendered":"<p>Ofrecemos servicios especializados en evaluaci\u00f3n de impacto ambiental y gesti\u00f3n ambiental, orientados a garantizar el cumplimiento de la normativa vigente y la adecuada planificaci\u00f3n de proyectos. Elaboramos Manifiestos de Impacto Ambiental (MIA) en modalidad particular o regional, Estudios T\u00e9cnicos Justificativos para cambio de uso de suelo, informes preventivos, estudios de riesgo y afectaci\u00f3n ambiental, as\u00ed &hellip; <\/p>\n<p class=\"link-more\"><a href=\"https:\/\/serviciosacam.com\/?page_id=125\" class=\"more-link\">Leer m\u00e1s<span class=\"screen-reader-text\"> \u00abEvaluaci\u00f3n de Impacto Ambiental y Gesti\u00f3n Ambiental\u00bb<\/span><\/a><\/p>\n","protected":false},"author":1,"featured_media":162,"parent":0,"menu_order":0,"comment_status":"closed","ping_status":"closed","template":"","meta":{"inspiro_hide_title":false,"footnotes":""},"class_list":["post-125","page","type-page","status-publish","has-post-thumbnail","hentry"],"_links":{"self":[{"href":"https:\/\/serviciosacam.com\/index.php?rest_route=\/wp\/v2\/pages\/125","targetHints":{"allow":["GET"]}}],"collection":[{"href":"https:\/\/serviciosacam.com\/index.php?rest_route=\/wp\/v2\/pages"}],"about":[{"href":"https:\/\/serviciosacam.com\/index.php?rest_route=\/wp\/v2\/types\/page"}],"author":[{"embeddable":true,"href":"https:\/\/serviciosacam.com\/index.php?rest_route=\/wp\/v2\/users\/1"}],"replies":[{"embeddable":true,"href":"https:\/\/serviciosacam.com\/index.php?rest_route=%2Fwp%2Fv2%2Fcomments&post=125"}],"version-history":[{"count":6,"href":"https:\/\/serviciosacam.com\/index.php?rest_route=\/wp\/v2\/pages\/125\/revisions"}],"predecessor-version":[{"id":214,"href":"https:\/\/serviciosacam.com\/index.php?rest_route=\/wp\/v2\/pages\/125\/revisions\/214"}],"wp:featuredmedia":[{"embeddable":true,"href":"https:\/\/serviciosacam.com\/index.php?rest_route=\/wp\/v2\/media\/162"}],"wp:attachment":[{"href":"https:\/\/serviciosacam.com\/index.php?rest_route=%2Fwp%2Fv2%2Fmedia&parent=125"}],"curies":[{"name":"wp","href":"https:\/\/api.w.org\/{rel}","templated":true}]}}