{"id":127,"date":"2026-03-14T01:25:47","date_gmt":"2026-03-14T01:25:47","guid":{"rendered":"https:\/\/serviciosacam.com\/wordpress\/?page_id=127"},"modified":"2026-03-17T17:56:58","modified_gmt":"2026-03-17T17:56:58","slug":"proyectos-ambientales","status":"publish","type":"page","link":"https:\/\/serviciosacam.com\/?page_id=127","title":{"rendered":"Proyectos ambientales"},"content":{"rendered":"\n<div style=\"height:100px\" aria-hidden=\"true\" class=\"wp-block-spacer\"><\/div>\n\n\n\n<p class=\"has-medium-font-size\">Ofrecemos servicios integrales de estudio, monitoreo y conservaci\u00f3n de la biodiversidad mediante inventarios de flora y fauna, identificaci\u00f3n de especies, evaluaci\u00f3n de recursos naturales y monitoreo de especies prioritarias. Tambi\u00e9n desarrollamos programas de conservaci\u00f3n, manejo de h\u00e1bitat, rescate y reubicaci\u00f3n de fauna, restauraci\u00f3n ecol\u00f3gica y reforestaci\u00f3n con especies nativas. Asimismo, brindamos asesor\u00eda para el cumplimiento de la normativa ambiental, manejo de residuos y elaboraci\u00f3n de materiales de divulgaci\u00f3n sobre biodiversidad.<\/p>\n\n\n\n<p class=\"has-medium-font-size\"><strong>Cat\u00e1logo<\/strong><\/p>\n\n\n\n<p class=\"has-medium-font-size\"><strong>Monitoreo, evaluaci\u00f3n e inventarios de biodiversidad<\/strong><\/p>\n\n\n\n<ul class=\"wp-block-list\">\n<li class=\"has-medium-font-size\">Monitoreo biol\u00f3gico por estaciones para la obtenci\u00f3n de \u00edndices de diversidad anuales (fauna y flora).<\/li>\n\n\n\n<li class=\"has-medium-font-size\">Inventarios y cat\u00e1logos de fauna y flora.<\/li>\n\n\n\n<li class=\"has-medium-font-size\">Identificaci\u00f3n de flora y fauna a nivel de especie.<\/li>\n\n\n\n<li class=\"has-medium-font-size\">Monitoreo de especies prioritarias.<\/li>\n\n\n\n<li class=\"has-medium-font-size\">Identificaci\u00f3n de corredores biol\u00f3gicos.<\/li>\n\n\n\n<li class=\"has-medium-font-size\">Evaluaci\u00f3n y valoraci\u00f3n de recursos e inventarios forestales.<\/li>\n<\/ul>\n\n\n\n<h3 class=\"wp-block-heading has-medium-font-size\"><strong>Conservaci\u00f3n y manejo de biodiversidad<\/strong><\/h3>\n\n\n\n<ul class=\"wp-block-list\">\n<li class=\"has-medium-font-size\">Programas de protecci\u00f3n y conservaci\u00f3n de la biodiversidad.<\/li>\n\n\n\n<li class=\"has-medium-font-size\">Identificaci\u00f3n de especies protegidas por la NOM-059-SEMARNAT-2010.<\/li>\n\n\n\n<li class=\"has-medium-font-size\">Proyectos de conservaci\u00f3n de especies incluidas en la NOM-059.<\/li>\n\n\n\n<li class=\"has-medium-font-size\">Mejoramiento de h\u00e1bitat.<\/li>\n\n\n\n<li class=\"has-medium-font-size\">Dise\u00f1o de infraestructura para la fauna silvestre.<\/li>\n\n\n\n<li class=\"has-medium-font-size\">Registro y administraci\u00f3n de UMAS.<\/li>\n<\/ul>\n\n\n\n<h3 class=\"wp-block-heading has-medium-font-size\"><strong>Manejo, rescate y control de fauna<\/strong><\/h3>\n\n\n\n<ul class=\"wp-block-list\">\n<li class=\"has-medium-font-size\">Trampeo y reubicaci\u00f3n de fauna (rescate): mam\u00edferos, reptiles, aves y artr\u00f3podos.<\/li>\n\n\n\n<li class=\"has-medium-font-size\">Planes de ahuyentamiento de fauna.<\/li>\n\n\n\n<li class=\"has-medium-font-size\">Control de poblaciones de fauna nociva.<\/li>\n\n\n\n<li class=\"has-medium-font-size\">Detecci\u00f3n de especies de importancia m\u00e9dica.<\/li>\n<\/ul>\n\n\n\n<h3 class=\"wp-block-heading has-medium-font-size\"><strong>Restauraci\u00f3n ecol\u00f3gica y manejo de flora<\/strong><\/h3>\n\n\n\n<ul class=\"wp-block-list\">\n<li class=\"has-medium-font-size\">Restauraci\u00f3n ecol\u00f3gica y reforestaci\u00f3n con especies nativas.<\/li>\n\n\n\n<li class=\"has-medium-font-size\">Programas de manejo forestal.<\/li>\n\n\n\n<li class=\"has-medium-font-size\">Reubicaci\u00f3n de flora.<\/li>\n\n\n\n<li class=\"has-medium-font-size\">Captaci\u00f3n de agua y retenci\u00f3n de suelo.<\/li>\n<\/ul>\n\n\n\n<h3 class=\"wp-block-heading has-medium-font-size\"><strong>Divulgaci\u00f3n cient\u00edfica y educaci\u00f3n ambiental<\/strong><\/h3>\n\n\n\n<ul class=\"wp-block-list\">\n<li class=\"has-medium-font-size\">Elaboraci\u00f3n de libros y gu\u00edas de fauna y flora.<\/li>\n<\/ul>\n\n\n\n<h3 class=\"wp-block-heading has-medium-font-size\"><strong>Cumplimiento normativo y gesti\u00f3n ambiental<\/strong><\/h3>\n\n\n\n<ul class=\"wp-block-list\">\n<li class=\"has-medium-font-size\">Cumplimiento de condicionantes ambientales.<\/li>\n\n\n\n<li class=\"has-medium-font-size\">Registro como generador de residuos de manejo especial (CEDES).<\/li>\n\n\n\n<li class=\"has-medium-font-size\">Elaboraci\u00f3n de protocolos de manejo integral de residuos.<\/li>\n\n\n\n<li class=\"has-medium-font-size\">Regulaci\u00f3n y control de ruido ambiental.<\/li>\n<\/ul>\n\n\n\n<div style=\"height:100px\" aria-hidden=\"true\" class=\"wp-block-spacer\"><\/div>\n","protected":false},"excerpt":{"rendered":"<p>Ofrecemos servicios integrales de estudio, monitoreo y conservaci\u00f3n de la biodiversidad mediante inventarios de flora y fauna, identificaci\u00f3n de especies, evaluaci\u00f3n de recursos naturales y monitoreo de especies prioritarias. Tambi\u00e9n desarrollamos programas de conservaci\u00f3n, manejo de h\u00e1bitat, rescate y reubicaci\u00f3n de fauna, restauraci\u00f3n ecol\u00f3gica y reforestaci\u00f3n con especies nativas. Asimismo, brindamos asesor\u00eda para el cumplimiento &hellip; <\/p>\n<p class=\"link-more\"><a href=\"https:\/\/serviciosacam.com\/?page_id=127\" class=\"more-link\">Leer m\u00e1s<span class=\"screen-reader-text\"> \u00abProyectos ambientales\u00bb<\/span><\/a><\/p>\n","protected":false},"author":1,"featured_media":52,"parent":0,"menu_order":0,"comment_status":"closed","ping_status":"closed","template":"","meta":{"inspiro_hide_title":false,"footnotes":""},"class_list":["post-127","page","type-page","status-publish","has-post-thumbnail","hentry"],"_links":{"self":[{"href":"https:\/\/serviciosacam.com\/index.php?rest_route=\/wp\/v2\/pages\/127","targetHints":{"allow":["GET"]}}],"collection":[{"href":"https:\/\/serviciosacam.com\/index.php?rest_route=\/wp\/v2\/pages"}],"about":[{"href":"https:\/\/serviciosacam.com\/index.php?rest_route=\/wp\/v2\/types\/page"}],"author":[{"embeddable":true,"href":"https:\/\/serviciosacam.com\/index.php?rest_route=\/wp\/v2\/users\/1"}],"replies":[{"embeddable":true,"href":"https:\/\/serviciosacam.com\/index.php?rest_route=%2Fwp%2Fv2%2Fcomments&post=127"}],"version-history":[{"count":4,"href":"https:\/\/serviciosacam.com\/index.php?rest_route=\/wp\/v2\/pages\/127\/revisions"}],"predecessor-version":[{"id":217,"href":"https:\/\/serviciosacam.com\/index.php?rest_route=\/wp\/v2\/pages\/127\/revisions\/217"}],"wp:featuredmedia":[{"embeddable":true,"href":"https:\/\/serviciosacam.com\/index.php?rest_route=\/wp\/v2\/media\/52"}],"wp:attachment":[{"href":"https:\/\/serviciosacam.com\/index.php?rest_route=%2Fwp%2Fv2%2Fmedia&parent=127"}],"curies":[{"name":"wp","href":"https:\/\/api.w.org\/{rel}","templated":true}]}}