{"id":132,"date":"2026-03-14T01:29:50","date_gmt":"2026-03-14T01:29:50","guid":{"rendered":"https:\/\/serviciosacam.com\/wordpress\/?page_id=132"},"modified":"2026-03-17T17:53:17","modified_gmt":"2026-03-17T17:53:17","slug":"estudios-y-analisis-de-agua","status":"publish","type":"page","link":"https:\/\/serviciosacam.com\/?page_id=132","title":{"rendered":"Estudios y an\u00e1lisis de agua"},"content":{"rendered":"\n<div style=\"height:100px\" aria-hidden=\"true\" class=\"wp-block-spacer\"><\/div>\n\n\n\n<p class=\"has-medium-font-size\">Realizamos estudios y an\u00e1lisis de calidad del agua y componentes biol\u00f3gicos en ecosistemas acu\u00e1ticos marinos y continentales. Nuestros servicios incluyen la determinaci\u00f3n de par\u00e1metros f\u00edsico-qu\u00edmicos, nutrientes disueltos y bacterias indicadoras, as\u00ed como el an\u00e1lisis de fitoplancton, zooplancton, bentos y necton. Adem\u00e1s, efectuamos an\u00e1lisis de sedimentos y biomasa fitoplanct\u00f3nica, generando informaci\u00f3n cient\u00edfica \u00fatil para la evaluaci\u00f3n ambiental, monitoreo ecol\u00f3gico y manejo sostenible de los cuerpos de agua.<\/p>\n\n\n\n<p class=\"has-medium-font-size\"><strong>Cat\u00e1logo<\/strong><\/p>\n\n\n\n<h3 class=\"wp-block-heading has-medium-font-size\"><strong>An\u00e1lisis f\u00edsico-qu\u00edmico de agua<\/strong><\/h3>\n\n\n\n<ul class=\"wp-block-list\">\n<li class=\"has-medium-font-size\">An\u00e1lisis de nutrientes inorg\u00e1nicos disueltos (nitratos, nitritos, amonio y ortofosfatos) en agua marina y dulce mediante espectrofotometr\u00eda.<\/li>\n\n\n\n<li class=\"has-medium-font-size\">Determinaci\u00f3n de \u00e1cido sulfh\u00eddrico (H\u2082S) en agua marina y dulce mediante m\u00e9todo yodom\u00e9trico.<\/li>\n\n\n\n<li class=\"has-medium-font-size\">Determinaci\u00f3n de s\u00f3lidos suspendidos totales (SST), materia org\u00e1nica particulada (MOP) y materia inorg\u00e1nica particulada (MIP) en agua marina y dulce mediante m\u00e9todo gravim\u00e9trico.<\/li>\n\n\n\n<li class=\"has-medium-font-size\">Determinaci\u00f3n de par\u00e1metros f\u00edsico-qu\u00edmicos (temperatura, salinidad, ox\u00edgeno disuelto, pH, potencial redox, turbidez y fluorescencia) mediante sonda multiparam\u00e9trica o CTD.<\/li>\n<\/ul>\n\n\n\n<h3 class=\"wp-block-heading has-medium-font-size\"><strong>An\u00e1lisis biol\u00f3gicos en sistemas acu\u00e1ticos<\/strong><\/h3>\n\n\n\n<ul class=\"wp-block-list\">\n<li class=\"has-medium-font-size\">Determinaci\u00f3n de biomasa fitoplanct\u00f3nica (clorofila a) mediante espectrofotometr\u00eda y fluorometr\u00eda.<\/li>\n\n\n\n<li class=\"has-medium-font-size\">An\u00e1lisis cualitativo y cuantitativo de fitoplancton marino y de agua dulce.<\/li>\n\n\n\n<li class=\"has-medium-font-size\">An\u00e1lisis cualitativo y cuantitativo de zooplancton marino y de agua dulce.<\/li>\n\n\n\n<li class=\"has-medium-font-size\">An\u00e1lisis cualitativo y cuantitativo de bentos.<\/li>\n\n\n\n<li class=\"has-medium-font-size\">An\u00e1lisis cualitativo y cuantitativo de necton.<\/li>\n<\/ul>\n\n\n\n<h3 class=\"wp-block-heading has-medium-font-size\"><strong>An\u00e1lisis de sedimentos<\/strong><\/h3>\n\n\n\n<ul class=\"wp-block-list\">\n<li class=\"has-medium-font-size\">An\u00e1lisis granulom\u00e9trico de sedimentos mediante tamizado.<\/li>\n<\/ul>\n\n\n\n<h3 class=\"wp-block-heading has-medium-font-size\"><strong>An\u00e1lisis microbiol\u00f3gicos<\/strong><\/h3>\n\n\n\n<ul class=\"wp-block-list\">\n<li class=\"has-medium-font-size\">Determinaci\u00f3n de bacterias coliformes fecales y totales en agua y sedimentos.<\/li>\n<\/ul>\n\n\n\n<p><\/p>\n\n\n\n<div style=\"height:100px\" aria-hidden=\"true\" class=\"wp-block-spacer\"><\/div>\n","protected":false},"excerpt":{"rendered":"<p>Realizamos estudios y an\u00e1lisis de calidad del agua y componentes biol\u00f3gicos en ecosistemas acu\u00e1ticos marinos y continentales. Nuestros servicios incluyen la determinaci\u00f3n de par\u00e1metros f\u00edsico-qu\u00edmicos, nutrientes disueltos y bacterias indicadoras, as\u00ed como el an\u00e1lisis de fitoplancton, zooplancton, bentos y necton. Adem\u00e1s, efectuamos an\u00e1lisis de sedimentos y biomasa fitoplanct\u00f3nica, generando informaci\u00f3n cient\u00edfica \u00fatil para la evaluaci\u00f3n &hellip; <\/p>\n<p class=\"link-more\"><a href=\"https:\/\/serviciosacam.com\/?page_id=132\" class=\"more-link\">Leer m\u00e1s<span class=\"screen-reader-text\"> \u00abEstudios y an\u00e1lisis de agua\u00bb<\/span><\/a><\/p>\n","protected":false},"author":1,"featured_media":160,"parent":0,"menu_order":0,"comment_status":"closed","ping_status":"closed","template":"","meta":{"inspiro_hide_title":false,"footnotes":""},"class_list":["post-132","page","type-page","status-publish","has-post-thumbnail","hentry"],"_links":{"self":[{"href":"https:\/\/serviciosacam.com\/index.php?rest_route=\/wp\/v2\/pages\/132","targetHints":{"allow":["GET"]}}],"collection":[{"href":"https:\/\/serviciosacam.com\/index.php?rest_route=\/wp\/v2\/pages"}],"about":[{"href":"https:\/\/serviciosacam.com\/index.php?rest_route=\/wp\/v2\/types\/page"}],"author":[{"embeddable":true,"href":"https:\/\/serviciosacam.com\/index.php?rest_route=\/wp\/v2\/users\/1"}],"replies":[{"embeddable":true,"href":"https:\/\/serviciosacam.com\/index.php?rest_route=%2Fwp%2Fv2%2Fcomments&post=132"}],"version-history":[{"count":4,"href":"https:\/\/serviciosacam.com\/index.php?rest_route=\/wp\/v2\/pages\/132\/revisions"}],"predecessor-version":[{"id":213,"href":"https:\/\/serviciosacam.com\/index.php?rest_route=\/wp\/v2\/pages\/132\/revisions\/213"}],"wp:featuredmedia":[{"embeddable":true,"href":"https:\/\/serviciosacam.com\/index.php?rest_route=\/wp\/v2\/media\/160"}],"wp:attachment":[{"href":"https:\/\/serviciosacam.com\/index.php?rest_route=%2Fwp%2Fv2%2Fmedia&parent=132"}],"curies":[{"name":"wp","href":"https:\/\/api.w.org\/{rel}","templated":true}]}}