{"id":155,"date":"2026-03-14T01:59:53","date_gmt":"2026-03-14T01:59:53","guid":{"rendered":"https:\/\/serviciosacam.com\/wordpress\/?page_id=155"},"modified":"2026-03-17T17:55:43","modified_gmt":"2026-03-17T17:55:43","slug":"nuestros-clientes","status":"publish","type":"page","link":"https:\/\/serviciosacam.com\/?page_id=155","title":{"rendered":"Nuestros clientes"},"content":{"rendered":"\n<div style=\"height:100px\" aria-hidden=\"true\" class=\"wp-block-spacer\"><\/div>\n\n\n\n<p class=\"has-medium-font-size\">Nuestra empresa cuenta con experiencia colaborando con instituciones gubernamentales y empresas del sector industrial, energ\u00e9tico, de construcci\u00f3n y consultor\u00eda ambiental, brindando servicios especializados en estudios ambientales, monitoreo de biodiversidad, manejo de fauna y cumplimiento de la normativa ambiental. A lo largo de nuestra trayectoria hemos participado en proyectos para organizaciones p\u00fablicas y privadas, aportando soluciones t\u00e9cnicas orientadas a la gesti\u00f3n ambiental responsable.<\/p>\n\n\n\n<p class=\"has-medium-font-size\"><strong>Cartera de clientes:<\/strong><\/p>\n\n\n\n<p class=\"has-medium-font-size\">\u25cf H. Ayuntamiento de Guaymas<br>\u25cf Ford<br>\u25cf CFE<br>\u25cf China Energy International Group Company Limited, M\u00e9xico<br>\u25cf CEMEX<br>\u25cf Five4Nature<br>\u25cf Maquilas Tetakawi<br>\u25cf CONSTRUPLAN<br>\u25cf CANAMAYTE HSE<br>\u25cf Xeryplant Ambiental<\/p>\n\n\n\n<div style=\"height:100px\" aria-hidden=\"true\" class=\"wp-block-spacer\"><\/div>\n","protected":false},"excerpt":{"rendered":"<p>Nuestra empresa cuenta con experiencia colaborando con instituciones gubernamentales y empresas del sector industrial, energ\u00e9tico, de construcci\u00f3n y consultor\u00eda ambiental, brindando servicios especializados en estudios ambientales, monitoreo de biodiversidad, manejo de fauna y cumplimiento de la normativa ambiental. A lo largo de nuestra trayectoria hemos participado en proyectos para organizaciones p\u00fablicas y privadas, aportando soluciones &hellip; <\/p>\n<p class=\"link-more\"><a href=\"https:\/\/serviciosacam.com\/?page_id=155\" class=\"more-link\">Leer m\u00e1s<span class=\"screen-reader-text\"> \u00abNuestros clientes\u00bb<\/span><\/a><\/p>\n","protected":false},"author":1,"featured_media":165,"parent":0,"menu_order":0,"comment_status":"closed","ping_status":"closed","template":"","meta":{"inspiro_hide_title":false,"footnotes":""},"class_list":["post-155","page","type-page","status-publish","has-post-thumbnail","hentry"],"_links":{"self":[{"href":"https:\/\/serviciosacam.com\/index.php?rest_route=\/wp\/v2\/pages\/155","targetHints":{"allow":["GET"]}}],"collection":[{"href":"https:\/\/serviciosacam.com\/index.php?rest_route=\/wp\/v2\/pages"}],"about":[{"href":"https:\/\/serviciosacam.com\/index.php?rest_route=\/wp\/v2\/types\/page"}],"author":[{"embeddable":true,"href":"https:\/\/serviciosacam.com\/index.php?rest_route=\/wp\/v2\/users\/1"}],"replies":[{"embeddable":true,"href":"https:\/\/serviciosacam.com\/index.php?rest_route=%2Fwp%2Fv2%2Fcomments&post=155"}],"version-history":[{"count":4,"href":"https:\/\/serviciosacam.com\/index.php?rest_route=\/wp\/v2\/pages\/155\/revisions"}],"predecessor-version":[{"id":216,"href":"https:\/\/serviciosacam.com\/index.php?rest_route=\/wp\/v2\/pages\/155\/revisions\/216"}],"wp:featuredmedia":[{"embeddable":true,"href":"https:\/\/serviciosacam.com\/index.php?rest_route=\/wp\/v2\/media\/165"}],"wp:attachment":[{"href":"https:\/\/serviciosacam.com\/index.php?rest_route=%2Fwp%2Fv2%2Fmedia&parent=155"}],"curies":[{"name":"wp","href":"https:\/\/api.w.org\/{rel}","templated":true}]}}