{"id":35,"date":"2026-03-13T01:01:13","date_gmt":"2026-03-13T01:01:13","guid":{"rendered":"https:\/\/serviciosacam.com\/wordpress\/?page_id=35"},"modified":"2026-03-17T23:01:48","modified_gmt":"2026-03-17T23:01:48","slug":"pagina-de-inicio","status":"publish","type":"page","link":"https:\/\/serviciosacam.com\/","title":{"rendered":"P\u00e1gina de inicio"},"content":{"rendered":"\n<div class=\"wp-block-cover alignfull has-parallax\" style=\"min-height:100vh;aspect-ratio:unset;\"><div role=\"img\" aria-label=\"n\" class=\"wp-block-cover__image-background wp-image-61 size-large has-parallax\" style=\"background-position:50% 50%;background-image:url(https:\/\/serviciosacam.com\/wordpress\/wp-content\/uploads\/2026\/03\/IMG_0870-scaled-e1773461394668-1024x577.jpg)\"><\/div><span aria-hidden=\"true\" class=\"wp-block-cover__background has-background-dim-20 has-background-dim\" style=\"background-color:#64544c\"><\/span><div class=\"wp-block-cover__inner-container is-layout-flow wp-block-cover-is-layout-flow\">\n<p class=\"has-text-align-center has-max-60-font-size\"><strong>Bienvenidos a Servicios ACAM<\/strong><\/p>\n<\/div><\/div>\n\n\n\n<div style=\"height:101px\" aria-hidden=\"true\" class=\"wp-block-spacer\"><\/div>\n\n\n\n<div class=\"wp-block-columns is-layout-flex wp-container-core-columns-is-layout-c375d253 wp-block-columns-is-layout-flex\">\n<div class=\"wp-block-column is-vertically-aligned-center is-layout-flow wp-block-column-is-layout-flow\">\n<h2 class=\"wp-block-heading\" style=\"text-transform:uppercase\">Acerca de nosotros<\/h2>\n\n\n\n<p>Servicios ACAM (Asesor\u00edas y Capacitaciones Ambientales de M\u00e9xico) es una empresa sonorense dedicada a la consultor\u00eda ambiental y al manejo responsable de los recursos naturales. Nuestro trabajo se enfoca en apoyar a empresas, instituciones y proyectos de desarrollo en la evaluaci\u00f3n, conservaci\u00f3n y gesti\u00f3n de los ecosistemas.<\/p>\n\n\n\n<div class=\"wp-block-buttons is-horizontal is-content-justification-left is-layout-flex wp-container-core-buttons-is-layout-20be11b6 wp-block-buttons-is-layout-flex\">\n<div class=\"wp-block-button\"><a class=\"wp-block-button__link wp-element-button\" href=\"https:\/\/serviciosacam.com\/wordpress\/?page_id=36\" style=\"border-radius:0px\">CON\u00d3CENOS<\/a><\/div>\n<\/div>\n\n\n\n<p>&nbsp;<\/p>\n<\/div>\n\n\n\n<div class=\"wp-block-column is-layout-flow wp-block-column-is-layout-flow\">\n<figure class=\"wp-block-image size-large\"><img fetchpriority=\"high\" decoding=\"async\" width=\"768\" height=\"1024\" src=\"https:\/\/serviciosacam.com\/wordpress\/wp-content\/uploads\/2026\/03\/IMG_4276-768x1024.jpg\" alt=\"\" class=\"wp-image-30\" srcset=\"https:\/\/serviciosacam.com\/wordpress\/wp-content\/uploads\/2026\/03\/IMG_4276-768x1024.jpg 768w, https:\/\/serviciosacam.com\/wordpress\/wp-content\/uploads\/2026\/03\/IMG_4276-225x300.jpg 225w, https:\/\/serviciosacam.com\/wordpress\/wp-content\/uploads\/2026\/03\/IMG_4276-2000x2667.jpg 2000w, https:\/\/serviciosacam.com\/wordpress\/wp-content\/uploads\/2026\/03\/IMG_4276-scaled-1152x1536.jpg 1152w, https:\/\/serviciosacam.com\/wordpress\/wp-content\/uploads\/2026\/03\/IMG_4276-scaled-1536x2048.jpg 1536w, https:\/\/serviciosacam.com\/wordpress\/wp-content\/uploads\/2026\/03\/IMG_4276-scaled.jpg 1920w\" sizes=\"(max-width: 768px) 100vw, 768px\" \/><\/figure>\n<\/div>\n<\/div>\n\n\n\n<div style=\"height:100px\" aria-hidden=\"true\" class=\"wp-block-spacer\"><\/div>\n\n\n\n<div class=\"wp-block-group has-global-padding is-layout-constrained wp-block-group-is-layout-constrained\">\n<h2 class=\"wp-block-heading\">Nuestros servicios<\/h2>\n\n\n\n<p class=\"has-text-align-left\"><\/p>\n\n\n\n<div class=\"wp-block-columns is-layout-flex wp-container-core-columns-is-layout-28f84493 wp-block-columns-is-layout-flex\">\n<div class=\"wp-block-column is-layout-flow wp-block-column-is-layout-flow\" style=\"padding-top:0;padding-right:0;padding-bottom:0;padding-left:0\">\n<div class=\"wp-block-cover has-custom-content-position is-position-bottom-left\" style=\"padding-top:var(--wp--preset--spacing--small);padding-right:var(--wp--preset--spacing--x-small);padding-bottom:var(--wp--preset--spacing--small);padding-left:var(--wp--preset--spacing--x-small)\"><img decoding=\"async\" class=\"wp-block-cover__image-background wp-image-31 size-large\" alt=\"\" src=\"https:\/\/serviciosacam.com\/wordpress\/wp-content\/uploads\/2026\/03\/WhatsApp-Image-2024-04-20-at-16.32.30-768x1024.jpeg\" data-object-fit=\"cover\"\/><span aria-hidden=\"true\" class=\"wp-block-cover__background has-primary-background-color has-background-dim-70 has-background-dim\"><\/span><div class=\"wp-block-cover__inner-container is-layout-flow wp-block-cover-is-layout-flow\">\n<h3 class=\"wp-block-heading has-white-color has-text-color has-small-font-size\" style=\"margin-top:0;margin-right:0;margin-bottom:0;margin-left:0\">Estudios ambientales y gesti\u00f3n<\/h3>\n\n\n\n<p class=\"has-secondary-color has-text-color has-link-color wp-elements-f85e214b26045c14f3fa413ab439483c\" style=\"margin-top:0;margin-right:0;margin-bottom:0;margin-left:0\"><a href=\"https:\/\/serviciosacam.com\/wordpress\/?page_id=125\">Explora m\u00e1s \u2192<\/a><\/p>\n<\/div><\/div>\n<\/div>\n\n\n\n<div class=\"wp-block-column is-layout-flow wp-block-column-is-layout-flow\" style=\"padding-top:0;padding-right:0;padding-bottom:0;padding-left:0\">\n<div class=\"wp-block-cover has-custom-content-position is-position-bottom-left\" style=\"padding-top:var(--wp--preset--spacing--small);padding-right:var(--wp--preset--spacing--x-small);padding-bottom:var(--wp--preset--spacing--small);padding-left:var(--wp--preset--spacing--x-small)\"><img decoding=\"async\" width=\"768\" height=\"1024\" class=\"wp-block-cover__image-background wp-image-40 size-large\" alt=\"\" src=\"https:\/\/serviciosacam.com\/wordpress\/wp-content\/uploads\/2026\/03\/IMG_0788-1-768x1024.jpg\" data-object-fit=\"cover\" srcset=\"https:\/\/serviciosacam.com\/wordpress\/wp-content\/uploads\/2026\/03\/IMG_0788-1-768x1024.jpg 768w, https:\/\/serviciosacam.com\/wordpress\/wp-content\/uploads\/2026\/03\/IMG_0788-1-225x300.jpg 225w, https:\/\/serviciosacam.com\/wordpress\/wp-content\/uploads\/2026\/03\/IMG_0788-1-2000x2667.jpg 2000w, https:\/\/serviciosacam.com\/wordpress\/wp-content\/uploads\/2026\/03\/IMG_0788-1-scaled.jpg 1920w\" sizes=\"(max-width: 768px) 100vw, 768px\" \/><span aria-hidden=\"true\" class=\"wp-block-cover__background has-primary-background-color has-background-dim-70 has-background-dim\"><\/span><div class=\"wp-block-cover__inner-container is-layout-flow wp-block-cover-is-layout-flow\">\n<h3 class=\"wp-block-heading has-white-color has-text-color has-small-font-size\" style=\"margin-top:0;margin-right:0;margin-bottom:0;margin-left:0\">Proyectos ambientales <\/h3>\n\n\n\n<p class=\"has-secondary-color has-text-color has-link-color wp-elements-02a117037bc13eb99c795af7f8b20635\" style=\"margin-top:0;margin-right:0;margin-bottom:0;margin-left:0\"><a href=\"https:\/\/serviciosacam.com\/wordpress\/?page_id=127\">Explora m\u00e1s \u2192<\/a><\/p>\n<\/div><\/div>\n<\/div>\n\n\n\n<div class=\"wp-block-column is-layout-flow wp-block-column-is-layout-flow\" style=\"padding-top:0;padding-right:0;padding-bottom:0;padding-left:0\">\n<div class=\"wp-block-cover has-custom-content-position is-position-bottom-left\" style=\"padding-top:var(--wp--preset--spacing--small);padding-right:var(--wp--preset--spacing--x-small);padding-bottom:var(--wp--preset--spacing--small);padding-left:var(--wp--preset--spacing--x-small)\"><img decoding=\"async\" width=\"409\" height=\"600\" class=\"wp-block-cover__image-background wp-image-122 size-full\" alt=\"\" src=\"https:\/\/serviciosacam.com\/wordpress\/wp-content\/uploads\/2026\/03\/take-water-samples-analysis-selective-600nw-2727514825.webp\" data-object-fit=\"cover\" srcset=\"https:\/\/serviciosacam.com\/wordpress\/wp-content\/uploads\/2026\/03\/take-water-samples-analysis-selective-600nw-2727514825.webp 409w, https:\/\/serviciosacam.com\/wordpress\/wp-content\/uploads\/2026\/03\/take-water-samples-analysis-selective-600nw-2727514825-205x300.webp 205w\" sizes=\"(max-width: 409px) 100vw, 409px\" \/><span aria-hidden=\"true\" class=\"wp-block-cover__background has-primary-background-color has-background-dim-70 has-background-dim\"><\/span><div class=\"wp-block-cover__inner-container is-layout-flow wp-block-cover-is-layout-flow\">\n<h3 class=\"wp-block-heading has-white-color has-text-color has-small-font-size\" style=\"margin-top:0;margin-right:0;margin-bottom:0;margin-left:0\">Estudios y an\u00e1lisis de agua<\/h3>\n\n\n\n<p class=\"has-secondary-color has-text-color has-link-color wp-elements-b0f81d53b86325e4bebc3f37e3498e62\" style=\"margin-top:0;margin-right:0;margin-bottom:0;margin-left:0\"><a href=\"https:\/\/serviciosacam.com\/wordpress\/?page_id=132\">Explora m\u00e1s \u2192<\/a><\/p>\n<\/div><\/div>\n<\/div>\n\n\n\n<div class=\"wp-block-column is-layout-flow wp-block-column-is-layout-flow\">\n<div class=\"wp-block-cover has-custom-content-position is-position-bottom-left\" style=\"padding-top:var(--wp--preset--spacing--small);padding-right:var(--wp--preset--spacing--x-small);padding-bottom:var(--wp--preset--spacing--small);padding-left:var(--wp--preset--spacing--x-small)\"><img decoding=\"async\" class=\"wp-block-cover__image-background wp-image-120 size-large\" alt=\"\" src=\"https:\/\/serviciosacam.com\/wordpress\/wp-content\/uploads\/2026\/03\/4AB3DF6A-1AED-4D1A-BE68-3DCBFE5F1A39.JPG-768x1024.jpeg\" data-object-fit=\"cover\"\/><span aria-hidden=\"true\" class=\"wp-block-cover__background has-primary-background-color has-background-dim-70 has-background-dim\"><\/span><div class=\"wp-block-cover__inner-container is-layout-flow wp-block-cover-is-layout-flow\">\n<h3 class=\"wp-block-heading has-white-color has-text-color has-small-font-size\" style=\"margin-top:0;margin-right:0;margin-bottom:0;margin-left:0\">Capacitaciones <\/h3>\n\n\n\n<p class=\"has-secondary-color has-text-color has-link-color wp-elements-9a507052ad21d1b413d9c039d9b51fb8\" style=\"margin-top:0;margin-right:0;margin-bottom:0;margin-left:0\"><a href=\"https:\/\/serviciosacam.com\/wordpress\/?page_id=144\">Explora m\u00e1s \u2192<\/a><\/p>\n<\/div><\/div>\n<\/div>\n\n\n\n<div class=\"wp-block-column is-layout-flow wp-block-column-is-layout-flow\">\n<div class=\"wp-block-cover has-custom-content-position is-position-bottom-left\" style=\"padding-top:var(--wp--preset--spacing--small);padding-right:var(--wp--preset--spacing--x-small);padding-bottom:var(--wp--preset--spacing--small);padding-left:var(--wp--preset--spacing--x-small)\"><img loading=\"lazy\" decoding=\"async\" width=\"1024\" height=\"550\" class=\"wp-block-cover__image-background wp-image-123 size-large\" alt=\"\" src=\"https:\/\/serviciosacam.com\/wordpress\/wp-content\/uploads\/2026\/03\/Codigo_php-1024x550.jpg\" data-object-fit=\"cover\" srcset=\"https:\/\/serviciosacam.com\/wordpress\/wp-content\/uploads\/2026\/03\/Codigo_php-1024x550.jpg 1024w, https:\/\/serviciosacam.com\/wordpress\/wp-content\/uploads\/2026\/03\/Codigo_php-300x161.jpg 300w, https:\/\/serviciosacam.com\/wordpress\/wp-content\/uploads\/2026\/03\/Codigo_php.jpg 1920w\" sizes=\"(max-width: 1024px) 100vw, 1024px\" \/><span aria-hidden=\"true\" class=\"wp-block-cover__background has-primary-background-color has-background-dim-70 has-background-dim\"><\/span><div class=\"wp-block-cover__inner-container is-layout-flow wp-block-cover-is-layout-flow\">\n<h3 class=\"wp-block-heading has-white-color has-text-color has-small-font-size\" style=\"margin-top:0;margin-right:0;margin-bottom:0;margin-left:0\">\u00c1nalisis estad\u00edstico e interpretaci\u00f3n de resultados <\/h3>\n\n\n\n<p class=\"has-secondary-color has-text-color has-link-color wp-elements-4e3e605d0d212ab85fdb5fcf4530a94c\" style=\"margin-top:0;margin-right:0;margin-bottom:0;margin-left:0\"><a href=\"https:\/\/serviciosacam.com\/wordpress\/?page_id=134\">Explora m\u00e1<\/a>s \u2192<\/p>\n<\/div><\/div>\n<\/div>\n<\/div>\n\n\n\n<p class=\"has-text-align-left\"><\/p>\n\n\n\n<div style=\"height:46px\" aria-hidden=\"true\" class=\"wp-block-spacer\"><\/div>\n<\/div>\n\n\n\n<div style=\"height:100px\" aria-hidden=\"true\" class=\"wp-block-spacer\"><\/div>\n\n\n\n<div class=\"wp-block-group has-global-padding is-layout-constrained wp-block-group-is-layout-constrained\">\n<div class=\"wp-block-group is-layout-flow wp-block-group-is-layout-flow\">\n<h2 class=\"wp-block-heading\">Nuestros clientes<\/h2>\n\n\n\n<div style=\"height:27px\" aria-hidden=\"true\" class=\"wp-block-spacer\"><\/div>\n\n\n\n<div style=\"height:0px\" aria-hidden=\"true\" class=\"wp-block-spacer\"><\/div>\n\n\n\n<div class=\"wp-block-columns is-layout-flex wp-container-core-columns-is-layout-28f84493 wp-block-columns-is-layout-flex\">\n<div class=\"wp-block-column is-layout-flow wp-block-column-is-layout-flow\" style=\"border-style:none;border-width:0px;padding-top:0;padding-right:0;padding-bottom:0;padding-left:0\">\n<figure class=\"wp-block-image size-full\"><img loading=\"lazy\" decoding=\"async\" width=\"330\" height=\"119\" src=\"https:\/\/serviciosacam.com\/wordpress\/wp-content\/uploads\/2026\/03\/Ford_logo_flat.svg_.png\" alt=\"\" class=\"wp-image-64\" srcset=\"https:\/\/serviciosacam.com\/wordpress\/wp-content\/uploads\/2026\/03\/Ford_logo_flat.svg_.png 330w, https:\/\/serviciosacam.com\/wordpress\/wp-content\/uploads\/2026\/03\/Ford_logo_flat.svg_-300x108.png 300w\" sizes=\"(max-width: 330px) 100vw, 330px\" \/><\/figure>\n\n\n\n<p>&nbsp;<\/p>\n\n\n\n<h3 class=\"wp-block-heading\">Ford Hermosillo<\/h3>\n\n\n\n<p>Ford Hermosillo es una de las plantas automotrices m\u00e1s importantes de M\u00e9xico, ubicada en Hermosillo, Sonora, reconocida por sus altos est\u00e1ndares de calidad y tecnolog\u00eda en la manufactura de veh\u00edculos. En estas instalaciones se realizan procesos avanzados de ensamblaje automotriz para el mercado global. Servicios ACAM ha colaborado en la implementaci\u00f3n de estrategias de control de avifauna, contribuyendo a la seguridad operativa y al manejo adecuado de la fauna en las instalaciones.<\/p>\n<\/div>\n\n\n\n<div class=\"wp-block-column is-layout-flow wp-block-column-is-layout-flow\" style=\"border-style:none;border-width:0px;padding-top:0;padding-right:0;padding-bottom:0;padding-left:0\">\n<figure class=\"wp-block-image size-full\"><img loading=\"lazy\" decoding=\"async\" width=\"320\" height=\"158\" src=\"https:\/\/serviciosacam.com\/wordpress\/wp-content\/uploads\/2026\/03\/descarga.png\" alt=\"\" class=\"wp-image-65\" srcset=\"https:\/\/serviciosacam.com\/wordpress\/wp-content\/uploads\/2026\/03\/descarga.png 320w, https:\/\/serviciosacam.com\/wordpress\/wp-content\/uploads\/2026\/03\/descarga-300x148.png 300w\" sizes=\"(max-width: 320px) 100vw, 320px\" \/><\/figure>\n\n\n\n<h3 class=\"wp-block-heading\">CFE Puerto Pe\u00f1asco<\/h3>\n\n\n\n<p>Central Fotovoltaica Puerto Pe\u00f1asco (CFE) es uno de los proyectos de generaci\u00f3n de energ\u00eda solar m\u00e1s importantes de M\u00e9xico, ubicado en Puerto Pe\u00f1asco, Sonora. En este proyecto, Servicios ACAM realiz\u00f3 monitoreos de fauna silvestre y un listado flor\u00edstico, con el objetivo de documentar la biodiversidad presente en el \u00e1rea del proyecto. Estos estudios contribuyen a la evaluaci\u00f3n ambiental y al manejo adecuado de la biodiversidad en proyectos de energ\u00eda renovable.<\/p>\n<\/div>\n\n\n\n<div class=\"wp-block-column is-layout-flow wp-block-column-is-layout-flow\" style=\"border-style:none;border-width:0px;padding-top:0;padding-right:0;padding-bottom:0;padding-left:0\">\n<figure class=\"wp-block-image size-full\"><img loading=\"lazy\" decoding=\"async\" width=\"1280\" height=\"349\" src=\"https:\/\/serviciosacam.com\/wordpress\/wp-content\/uploads\/2026\/03\/Cemex_logo.svg_.png\" alt=\"\" class=\"wp-image-67\" srcset=\"https:\/\/serviciosacam.com\/wordpress\/wp-content\/uploads\/2026\/03\/Cemex_logo.svg_.png 1280w, https:\/\/serviciosacam.com\/wordpress\/wp-content\/uploads\/2026\/03\/Cemex_logo.svg_-300x82.png 300w, https:\/\/serviciosacam.com\/wordpress\/wp-content\/uploads\/2026\/03\/Cemex_logo.svg_-1024x279.png 1024w\" sizes=\"(max-width: 1280px) 100vw, 1280px\" \/><\/figure>\n\n\n\n<p>&nbsp;<\/p>\n\n\n\n<h3 class=\"wp-block-heading\">CEMEX<\/h3>\n\n\n\n<p>CEMEX Hermosillo forma parte de una de las compa\u00f1\u00edas l\u00edderes a nivel mundial en la producci\u00f3n de cemento y materiales para la construcci\u00f3n.<br>En estas instalaciones, Servicios ACAM imparti\u00f3 una capacitaci\u00f3n especializada en control y manejo de murci\u00e9lagos en cuevas y estructuras de edificios, enfocada en la seguridad del personal y el manejo responsable de la fauna. La capacitaci\u00f3n incluy\u00f3 identificaci\u00f3n de especies, evaluaci\u00f3n de riesgos y estrategias de manejo y mitigaci\u00f3n de fauna silvestre.<\/p>\n<\/div>\n<\/div>\n\n\n\n<div style=\"height:10px\" aria-hidden=\"true\" class=\"wp-block-spacer\"><\/div>\n\n\n\n<div class=\"wp-block-buttons is-content-justification-center is-layout-flex wp-container-core-buttons-is-layout-a89b3969 wp-block-buttons-is-layout-flex\">\n<div class=\"wp-block-button\"><a class=\"wp-block-button__link wp-element-button\" href=\"https:\/\/serviciosacam.com\/wordpress\/?page_id=155\" style=\"border-radius:0px\">VER TODOS<\/a><\/div>\n<\/div>\n\n\n\n<div style=\"margin-top:0;margin-bottom:0;height:var(--wp--preset--spacing--x-large)\" aria-hidden=\"true\" class=\"wp-block-spacer\"><\/div>\n<\/div>\n<\/div>\n\n\n\n<div class=\"wp-block-cover alignfull has-parallax\" style=\"border-radius:0px\"><div class=\"wp-block-cover__image-background wp-image-28 size-large has-parallax\" style=\"background-position:50% 50%;background-image:url(https:\/\/serviciosacam.com\/wordpress\/wp-content\/uploads\/2026\/03\/IMG_6504-1024x683.jpg)\"><\/div><span aria-hidden=\"true\" class=\"wp-block-cover__background has-black-background-color has-background-dim-40 has-background-dim\"><\/span><div class=\"wp-block-cover__inner-container is-layout-flow wp-block-cover-is-layout-flow\">\n<div class=\"wp-block-group has-global-padding is-layout-constrained wp-block-group-is-layout-constrained\">\n<h3 class=\"wp-block-heading has-text-align-center has-text-color has-medium-font-size\" style=\"color:#fffffa;text-transform:uppercase\">Conservaci\u00f3n y gesti\u00f3n ambiental con Servicios ACAM<\/h3>\n\n\n\n<p class=\"has-text-align-center has-white-color has-text-color\"><\/p>\n<\/div>\n<\/div><\/div>\n\n\n\n<div class=\"wp-block-group has-global-padding is-layout-constrained wp-block-group-is-layout-constrained\">\n<div style=\"height:108px\" aria-hidden=\"true\" class=\"wp-block-spacer\"><\/div>\n<\/div>\n","protected":false},"excerpt":{"rendered":"<p>Acerca de nosotros Servicios ACAM (Asesor\u00edas y Capacitaciones Ambientales de M\u00e9xico) es una empresa sonorense dedicada a la consultor\u00eda ambiental y al manejo responsable de los recursos naturales. Nuestro trabajo se enfoca en apoyar a empresas, instituciones y proyectos de desarrollo en la evaluaci\u00f3n, conservaci\u00f3n y gesti\u00f3n de los ecosistemas. &nbsp; Nuestros servicios Nuestros clientes &hellip; <\/p>\n<p class=\"link-more\"><a href=\"https:\/\/serviciosacam.com\/\" class=\"more-link\">Leer m\u00e1s<span class=\"screen-reader-text\"> \u00abP\u00e1gina de inicio\u00bb<\/span><\/a><\/p>\n","protected":false},"author":1,"featured_media":61,"parent":0,"menu_order":0,"comment_status":"closed","ping_status":"closed","template":"page-templates\/homepage-builder-bb.php","meta":{"inspiro_hide_title":false,"footnotes":""},"class_list":["post-35","page","type-page","status-publish","has-post-thumbnail","hentry"],"_links":{"self":[{"href":"https:\/\/serviciosacam.com\/index.php?rest_route=\/wp\/v2\/pages\/35","targetHints":{"allow":["GET"]}}],"collection":[{"href":"https:\/\/serviciosacam.com\/index.php?rest_route=\/wp\/v2\/pages"}],"about":[{"href":"https:\/\/serviciosacam.com\/index.php?rest_route=\/wp\/v2\/types\/page"}],"author":[{"embeddable":true,"href":"https:\/\/serviciosacam.com\/index.php?rest_route=\/wp\/v2\/users\/1"}],"replies":[{"embeddable":true,"href":"https:\/\/serviciosacam.com\/index.php?rest_route=%2Fwp%2Fv2%2Fcomments&post=35"}],"version-history":[{"count":70,"href":"https:\/\/serviciosacam.com\/index.php?rest_route=\/wp\/v2\/pages\/35\/revisions"}],"predecessor-version":[{"id":250,"href":"https:\/\/serviciosacam.com\/index.php?rest_route=\/wp\/v2\/pages\/35\/revisions\/250"}],"wp:featuredmedia":[{"embeddable":true,"href":"https:\/\/serviciosacam.com\/index.php?rest_route=\/wp\/v2\/media\/61"}],"wp:attachment":[{"href":"https:\/\/serviciosacam.com\/index.php?rest_route=%2Fwp%2Fv2%2Fmedia&parent=35"}],"curies":[{"name":"wp","href":"https:\/\/api.w.org\/{rel}","templated":true}]}}