{"id":36,"date":"2026-03-13T01:01:13","date_gmt":"2026-03-13T01:01:13","guid":{"rendered":"https:\/\/serviciosacam.com\/wordpress\/?page_id=36"},"modified":"2026-03-13T02:04:55","modified_gmt":"2026-03-13T02:04:55","slug":"acerca-de","status":"publish","type":"page","link":"https:\/\/serviciosacam.com\/?page_id=36","title":{"rendered":"Acerca de nosotros"},"content":{"rendered":"\n<h2 class=\"wp-block-heading has-medium-font-size\" id=\"inspiro-is-a-digital-product-agency-that-focuses-on-strategy-and-design\" style=\"font-style:normal;font-weight:100\">Servicios ACAM (Asesor\u00edas y Capacitaciones Ambientales de M\u00e9xico) es una empresa sonorense especializada en consultor\u00eda ambiental y gesti\u00f3n de recursos naturales, enfocada en brindar soluciones t\u00e9cnicas y cient\u00edficas para la evaluaci\u00f3n, conservaci\u00f3n y manejo de los ecosistemas. Nuestro equipo desarrolla estudios ambientales, monitoreos de biodiversidad, programas de manejo de fauna, restauraci\u00f3n ecol\u00f3gica y capacitaciones especializadas, apoyando a empresas, instituciones y proyectos de desarrollo en el cumplimiento de la normativa ambiental y la implementaci\u00f3n de pr\u00e1cticas sostenibles. A trav\u00e9s de metodolog\u00edas cient\u00edficas y trabajo de campo, contribuimos a la generaci\u00f3n de informaci\u00f3n confiable para la toma de decisiones y la protecci\u00f3n de la biodiversidad.<\/h2>\n\n\n\n<div style=\"height:100px\" aria-hidden=\"true\" class=\"wp-block-spacer\"><\/div>\n\n\n\n<p class=\"has-large-font-size\"><strong>Misi\u00f3n <\/strong><\/p>\n\n\n\n<p class=\"has-medium-font-size\">Proporcionar servicios profesionales en materia ambiental garantizando a nuestros clientes una ejecuci\u00f3n y resultado optimo en base a la informaci\u00f3n cient\u00edfica m\u00e1s actualizada, con el soporte y experiencia de profesionistas y expertos en la materia. Con el prop\u00f3sito de satisfacer al cliente en todas sus necesidades.<\/p>\n\n\n\n<p class=\"has-large-font-size\"><strong>Visi\u00f3n  <\/strong><\/p>\n\n\n\n<p class=\"has-medium-font-size\">Ser reconocidos a nivel mundial por nuestros servicios profesionales con alto nivel cient\u00edfico enfocado en el cuidado y calidad del medio ambiente para su desarrollo sustentable, as\u00ed como por los valores y la \u00e9tica ambiental que nos caracterizan.<\/p>\n\n\n\n<p><\/p>\n","protected":false},"excerpt":{"rendered":"<p>Servicios ACAM (Asesor\u00edas y Capacitaciones Ambientales de M\u00e9xico) es una empresa sonorense especializada en consultor\u00eda ambiental y gesti\u00f3n de recursos naturales, enfocada en brindar soluciones t\u00e9cnicas y cient\u00edficas para la evaluaci\u00f3n, conservaci\u00f3n y manejo de los ecosistemas. Nuestro equipo desarrolla estudios ambientales, monitoreos de biodiversidad, programas de manejo de fauna, restauraci\u00f3n ecol\u00f3gica y capacitaciones especializadas, &hellip; <\/p>\n<p class=\"link-more\"><a href=\"https:\/\/serviciosacam.com\/?page_id=36\" class=\"more-link\">Leer m\u00e1s<span class=\"screen-reader-text\"> \u00abAcerca de nosotros\u00bb<\/span><\/a><\/p>\n","protected":false},"author":1,"featured_media":52,"parent":0,"menu_order":0,"comment_status":"closed","ping_status":"closed","template":"","meta":{"inspiro_hide_title":false,"footnotes":""},"class_list":["post-36","page","type-page","status-publish","has-post-thumbnail","hentry"],"_links":{"self":[{"href":"https:\/\/serviciosacam.com\/index.php?rest_route=\/wp\/v2\/pages\/36","targetHints":{"allow":["GET"]}}],"collection":[{"href":"https:\/\/serviciosacam.com\/index.php?rest_route=\/wp\/v2\/pages"}],"about":[{"href":"https:\/\/serviciosacam.com\/index.php?rest_route=\/wp\/v2\/types\/page"}],"author":[{"embeddable":true,"href":"https:\/\/serviciosacam.com\/index.php?rest_route=\/wp\/v2\/users\/1"}],"replies":[{"embeddable":true,"href":"https:\/\/serviciosacam.com\/index.php?rest_route=%2Fwp%2Fv2%2Fcomments&post=36"}],"version-history":[{"count":4,"href":"https:\/\/serviciosacam.com\/index.php?rest_route=\/wp\/v2\/pages\/36\/revisions"}],"predecessor-version":[{"id":200,"href":"https:\/\/serviciosacam.com\/index.php?rest_route=\/wp\/v2\/pages\/36\/revisions\/200"}],"wp:featuredmedia":[{"embeddable":true,"href":"https:\/\/serviciosacam.com\/index.php?rest_route=\/wp\/v2\/media\/52"}],"wp:attachment":[{"href":"https:\/\/serviciosacam.com\/index.php?rest_route=%2Fwp%2Fv2%2Fmedia&parent=36"}],"curies":[{"name":"wp","href":"https:\/\/api.w.org\/{rel}","templated":true}]}}