{"id":97,"date":"2026-03-14T00:42:29","date_gmt":"2026-03-14T00:42:29","guid":{"rendered":"https:\/\/serviciosacam.com\/wordpress\/?page_id=97"},"modified":"2026-03-17T17:54:49","modified_gmt":"2026-03-17T17:54:49","slug":"nuestros-servicios","status":"publish","type":"page","link":"https:\/\/serviciosacam.com\/?page_id=97","title":{"rendered":"Nuestros servicios"},"content":{"rendered":"\n<div id=\"services\" class=\"wp-block-group alignfull pattern_multiple_covers has-background has-global-padding is-layout-constrained wp-block-group-is-layout-constrained\">\n<div style=\"height:100px\" aria-hidden=\"true\" class=\"wp-block-spacer\"><\/div>\n\n\n\n<p class=\"has-text-align-left has-medium-font-size\">En ACAM promovemos soluciones que integran el desarrollo de proyectos productivos con la conservaci\u00f3n de la biodiversidad, contribuyendo al cumplimiento de la normativa ambiental y al uso sostenible de los recursos naturales.<\/p>\n\n\n\n<div style=\"height:46px\" aria-hidden=\"true\" class=\"wp-block-spacer\"><\/div>\n\n\n\n<div class=\"wp-block-columns is-layout-flex wp-container-core-columns-is-layout-28f84493 wp-block-columns-is-layout-flex\">\n<div class=\"wp-block-column is-layout-flow wp-block-column-is-layout-flow\" style=\"padding-top:0;padding-right:0;padding-bottom:0;padding-left:0\">\n<div class=\"wp-block-cover has-custom-content-position is-position-bottom-left\" style=\"padding-top:var(--wp--preset--spacing--small);padding-right:var(--wp--preset--spacing--x-small);padding-bottom:var(--wp--preset--spacing--small);padding-left:var(--wp--preset--spacing--x-small)\"><img decoding=\"async\" class=\"wp-block-cover__image-background wp-image-31 size-large\" alt=\"\" src=\"https:\/\/serviciosacam.com\/wordpress\/wp-content\/uploads\/2026\/03\/WhatsApp-Image-2024-04-20-at-16.32.30-768x1024.jpeg\" data-object-fit=\"cover\"\/><span aria-hidden=\"true\" class=\"wp-block-cover__background has-primary-background-color has-background-dim-70 has-background-dim\"><\/span><div class=\"wp-block-cover__inner-container is-layout-flow wp-block-cover-is-layout-flow\">\n<h3 class=\"wp-block-heading has-white-color has-text-color has-small-font-size\" style=\"margin-top:0;margin-right:0;margin-bottom:0;margin-left:0\">Estudios ambientales y gesti\u00f3n<\/h3>\n\n\n\n<p class=\"has-secondary-color has-text-color has-link-color wp-elements-f85e214b26045c14f3fa413ab439483c\" style=\"margin-top:0;margin-right:0;margin-bottom:0;margin-left:0\"><a href=\"https:\/\/serviciosacam.com\/wordpress\/?page_id=125\">Explora m\u00e1s \u2192<\/a><\/p>\n<\/div><\/div>\n<\/div>\n\n\n\n<div class=\"wp-block-column is-layout-flow wp-block-column-is-layout-flow\" style=\"padding-top:0;padding-right:0;padding-bottom:0;padding-left:0\">\n<div class=\"wp-block-cover has-custom-content-position is-position-bottom-left\" style=\"padding-top:var(--wp--preset--spacing--small);padding-right:var(--wp--preset--spacing--x-small);padding-bottom:var(--wp--preset--spacing--small);padding-left:var(--wp--preset--spacing--x-small)\"><img fetchpriority=\"high\" decoding=\"async\" width=\"768\" height=\"1024\" class=\"wp-block-cover__image-background wp-image-40 size-large\" alt=\"\" src=\"https:\/\/serviciosacam.com\/wordpress\/wp-content\/uploads\/2026\/03\/IMG_0788-1-768x1024.jpg\" data-object-fit=\"cover\" srcset=\"https:\/\/serviciosacam.com\/wordpress\/wp-content\/uploads\/2026\/03\/IMG_0788-1-768x1024.jpg 768w, https:\/\/serviciosacam.com\/wordpress\/wp-content\/uploads\/2026\/03\/IMG_0788-1-225x300.jpg 225w, https:\/\/serviciosacam.com\/wordpress\/wp-content\/uploads\/2026\/03\/IMG_0788-1-2000x2667.jpg 2000w, https:\/\/serviciosacam.com\/wordpress\/wp-content\/uploads\/2026\/03\/IMG_0788-1-scaled.jpg 1920w\" sizes=\"(max-width: 768px) 100vw, 768px\" \/><span aria-hidden=\"true\" class=\"wp-block-cover__background has-primary-background-color has-background-dim-70 has-background-dim\"><\/span><div class=\"wp-block-cover__inner-container is-layout-flow wp-block-cover-is-layout-flow\">\n<h3 class=\"wp-block-heading has-white-color has-text-color has-small-font-size\" style=\"margin-top:0;margin-right:0;margin-bottom:0;margin-left:0\">Proyectos ambientales <\/h3>\n\n\n\n<p class=\"has-secondary-color has-text-color has-link-color wp-elements-02a117037bc13eb99c795af7f8b20635\" style=\"margin-top:0;margin-right:0;margin-bottom:0;margin-left:0\"><a href=\"https:\/\/serviciosacam.com\/wordpress\/?page_id=127\">Explora m\u00e1s \u2192<\/a><\/p>\n<\/div><\/div>\n<\/div>\n\n\n\n<div class=\"wp-block-column is-layout-flow wp-block-column-is-layout-flow\" style=\"padding-top:0;padding-right:0;padding-bottom:0;padding-left:0\">\n<div class=\"wp-block-cover has-custom-content-position is-position-bottom-left\" style=\"padding-top:var(--wp--preset--spacing--small);padding-right:var(--wp--preset--spacing--x-small);padding-bottom:var(--wp--preset--spacing--small);padding-left:var(--wp--preset--spacing--x-small)\"><img decoding=\"async\" width=\"409\" height=\"600\" class=\"wp-block-cover__image-background wp-image-122 size-full\" alt=\"\" src=\"https:\/\/serviciosacam.com\/wordpress\/wp-content\/uploads\/2026\/03\/take-water-samples-analysis-selective-600nw-2727514825.webp\" data-object-fit=\"cover\" srcset=\"https:\/\/serviciosacam.com\/wordpress\/wp-content\/uploads\/2026\/03\/take-water-samples-analysis-selective-600nw-2727514825.webp 409w, https:\/\/serviciosacam.com\/wordpress\/wp-content\/uploads\/2026\/03\/take-water-samples-analysis-selective-600nw-2727514825-205x300.webp 205w\" sizes=\"(max-width: 409px) 100vw, 409px\" \/><span aria-hidden=\"true\" class=\"wp-block-cover__background has-primary-background-color has-background-dim-70 has-background-dim\"><\/span><div class=\"wp-block-cover__inner-container is-layout-flow wp-block-cover-is-layout-flow\">\n<h3 class=\"wp-block-heading has-white-color has-text-color has-small-font-size\" style=\"margin-top:0;margin-right:0;margin-bottom:0;margin-left:0\">Estudios y an\u00e1lisis de agua<\/h3>\n\n\n\n<p class=\"has-secondary-color has-text-color has-link-color wp-elements-b0f81d53b86325e4bebc3f37e3498e62\" style=\"margin-top:0;margin-right:0;margin-bottom:0;margin-left:0\"><a href=\"https:\/\/serviciosacam.com\/wordpress\/?page_id=132\">Explora m\u00e1s \u2192<\/a><\/p>\n<\/div><\/div>\n<\/div>\n\n\n\n<div class=\"wp-block-column is-layout-flow wp-block-column-is-layout-flow\">\n<div class=\"wp-block-cover has-custom-content-position is-position-bottom-left\" style=\"padding-top:var(--wp--preset--spacing--small);padding-right:var(--wp--preset--spacing--x-small);padding-bottom:var(--wp--preset--spacing--small);padding-left:var(--wp--preset--spacing--x-small)\"><img decoding=\"async\" class=\"wp-block-cover__image-background wp-image-120 size-large\" alt=\"\" src=\"https:\/\/serviciosacam.com\/wordpress\/wp-content\/uploads\/2026\/03\/4AB3DF6A-1AED-4D1A-BE68-3DCBFE5F1A39.JPG-768x1024.jpeg\" data-object-fit=\"cover\"\/><span aria-hidden=\"true\" class=\"wp-block-cover__background has-primary-background-color has-background-dim-70 has-background-dim\"><\/span><div class=\"wp-block-cover__inner-container is-layout-flow wp-block-cover-is-layout-flow\">\n<h3 class=\"wp-block-heading has-white-color has-text-color has-small-font-size\" style=\"margin-top:0;margin-right:0;margin-bottom:0;margin-left:0\">Capacitaciones <\/h3>\n\n\n\n<p class=\"has-secondary-color has-text-color has-link-color wp-elements-9a507052ad21d1b413d9c039d9b51fb8\" style=\"margin-top:0;margin-right:0;margin-bottom:0;margin-left:0\"><a href=\"https:\/\/serviciosacam.com\/wordpress\/?page_id=144\">Explora m\u00e1s \u2192<\/a><\/p>\n<\/div><\/div>\n<\/div>\n\n\n\n<div class=\"wp-block-column is-layout-flow wp-block-column-is-layout-flow\">\n<div class=\"wp-block-cover has-custom-content-position is-position-bottom-left\" style=\"padding-top:var(--wp--preset--spacing--small);padding-right:var(--wp--preset--spacing--x-small);padding-bottom:var(--wp--preset--spacing--small);padding-left:var(--wp--preset--spacing--x-small)\"><img decoding=\"async\" width=\"1024\" height=\"550\" class=\"wp-block-cover__image-background wp-image-123 size-large\" alt=\"\" src=\"https:\/\/serviciosacam.com\/wordpress\/wp-content\/uploads\/2026\/03\/Codigo_php-1024x550.jpg\" data-object-fit=\"cover\" srcset=\"https:\/\/serviciosacam.com\/wordpress\/wp-content\/uploads\/2026\/03\/Codigo_php-1024x550.jpg 1024w, https:\/\/serviciosacam.com\/wordpress\/wp-content\/uploads\/2026\/03\/Codigo_php-300x161.jpg 300w, https:\/\/serviciosacam.com\/wordpress\/wp-content\/uploads\/2026\/03\/Codigo_php.jpg 1920w\" sizes=\"(max-width: 1024px) 100vw, 1024px\" \/><span aria-hidden=\"true\" class=\"wp-block-cover__background has-primary-background-color has-background-dim-70 has-background-dim\"><\/span><div class=\"wp-block-cover__inner-container is-layout-flow wp-block-cover-is-layout-flow\">\n<h3 class=\"wp-block-heading has-white-color has-text-color has-small-font-size\" style=\"margin-top:0;margin-right:0;margin-bottom:0;margin-left:0\">\u00c1nalisis estad\u00edstico e interpretaci\u00f3n de resultados <\/h3>\n\n\n\n<p class=\"has-secondary-color has-text-color has-link-color wp-elements-4e3e605d0d212ab85fdb5fcf4530a94c\" style=\"margin-top:0;margin-right:0;margin-bottom:0;margin-left:0\"><a href=\"https:\/\/serviciosacam.com\/wordpress\/?page_id=134\">Explora m\u00e1<\/a>s \u2192<\/p>\n<\/div><\/div>\n<\/div>\n<\/div>\n\n\n\n<div style=\"height:103px\" aria-hidden=\"true\" class=\"wp-block-spacer\"><\/div>\n<\/div>\n\n\n\n<p><\/p>\n","protected":false},"excerpt":{"rendered":"<p>En ACAM promovemos soluciones que integran el desarrollo de proyectos productivos con la conservaci\u00f3n de la biodiversidad, contribuyendo al cumplimiento de la normativa ambiental y al uso sostenible de los recursos naturales.<\/p>\n","protected":false},"author":1,"featured_media":119,"parent":0,"menu_order":0,"comment_status":"closed","ping_status":"closed","template":"","meta":{"inspiro_hide_title":false,"footnotes":""},"class_list":["post-97","page","type-page","status-publish","has-post-thumbnail","hentry"],"_links":{"self":[{"href":"https:\/\/serviciosacam.com\/index.php?rest_route=\/wp\/v2\/pages\/97","targetHints":{"allow":["GET"]}}],"collection":[{"href":"https:\/\/serviciosacam.com\/index.php?rest_route=\/wp\/v2\/pages"}],"about":[{"href":"https:\/\/serviciosacam.com\/index.php?rest_route=\/wp\/v2\/types\/page"}],"author":[{"embeddable":true,"href":"https:\/\/serviciosacam.com\/index.php?rest_route=\/wp\/v2\/users\/1"}],"replies":[{"embeddable":true,"href":"https:\/\/serviciosacam.com\/index.php?rest_route=%2Fwp%2Fv2%2Fcomments&post=97"}],"version-history":[{"count":9,"href":"https:\/\/serviciosacam.com\/index.php?rest_route=\/wp\/v2\/pages\/97\/revisions"}],"predecessor-version":[{"id":215,"href":"https:\/\/serviciosacam.com\/index.php?rest_route=\/wp\/v2\/pages\/97\/revisions\/215"}],"wp:featuredmedia":[{"embeddable":true,"href":"https:\/\/serviciosacam.com\/index.php?rest_route=\/wp\/v2\/media\/119"}],"wp:attachment":[{"href":"https:\/\/serviciosacam.com\/index.php?rest_route=%2Fwp%2Fv2%2Fmedia&parent=97"}],"curies":[{"name":"wp","href":"https:\/\/api.w.org\/{rel}","templated":true}]}}